{"id":141,"date":"2024-09-12T10:50:34","date_gmt":"2024-09-12T10:50:34","guid":{"rendered":"https:\/\/bailaconyeney.com\/?page_id=141"},"modified":"2024-09-24T12:20:32","modified_gmt":"2024-09-24T12:20:32","slug":"coreografia-de-boda","status":"publish","type":"page","link":"https:\/\/bailaconyeney.com\/de\/coreografia-y-animacion\/coreografia-de-boda\/","title":{"rendered":"Ma\u00dfgeschneiderte Hochzeitstanz-Choreografien"},"content":{"rendered":"<p>Der <strong>Er\u00f6ffnungstanz<\/strong> als Paar ist einer der emotionalsten und meist erwarteten Momente jeder Hochzeit. Wenn du von einem Tanz tr\u00e4umst, der deine Liebe und Pers\u00f6nlichkeit widerspiegelt, steht dir <strong>Yeney Clavel Barreto<\/strong> zur Seite, um eine einzigartige und besondere Choreografie zu erstellen, die auf eure Geschichte zugeschnitten ist. Mit \u00fcber 15 Jahren Erfahrung im Tanzunterricht und in der Erstellung ma\u00dfgeschneiderter Choreografien wird dich Yeney Schritt f\u00fcr Schritt begleiten, damit dieser Moment unvergesslich wird.<\/p>\n\n\n\n<p><strong>Was bieten wir an?<\/strong><\/p>\n\n\n\n<ul class=\"wp-block-list\">\n<li><strong>Individuelle Choreografien<\/strong>: Von einem romantischen Walzer \u00fcber eine sinnliche Bachata bis hin zu einem lustigen Stilmix wie Salsa oder Merengue. Erstelle eine Choreografie, die euren Stil und eure Pers\u00f6nlichkeit als Paar widerspiegelt.<\/li>\n\n\n\n<li><strong>An euer Niveau angepasst<\/strong>: Noch nie getanzt? Kein Problem! Yeney stellt sicher, dass jede Choreografie zug\u00e4nglich, unterhaltsam und auf euer K\u00f6nnen zugeschnitten ist.<\/li>\n\n\n\n<li><strong>Flexible Probenzeiten<\/strong>: Wir wissen, dass die Hochzeitsvorbereitungen stressig sein k\u00f6nnen. Deshalb bieten wir Probenzeiten an, die sich nach eurem Zeitplan richten.<\/li>\n\n\n\n<li><strong>Unvergessliche Momente<\/strong>: Macht euren Er\u00f6ffnungstanz zu einem unvergesslichen Moment f\u00fcr euch und eure G\u00e4ste. Von einfachen, aber eleganten Bewegungen bis hin zu dynamischen Routinen \u2013 Yeney wird euch dabei helfen, auf der Tanzfl\u00e4che zu gl\u00e4nzen.<\/li>\n<\/ul>\n\n\n\n<h3 class=\"wp-block-heading\"><strong>Warum Yeney Clavel Barreto w\u00e4hlen?<\/strong><\/h3>\n\n\n\n<ul class=\"wp-block-list\">\n<li><strong>Erfahrung mit Hochzeitschoreografien<\/strong>Yeney hat bereits zahlreiche Choreografien f\u00fcr Hochzeitspaare erstellt, wobei jeder Tanz an die Pers\u00f6nlichkeit und den Stil des Paares angepasst wurde. Egal, ob du einen klassischen Tanz oder etwas Moderneres suchst, Yeney wei\u00df, wie sie deine Ideen in einen unvergesslichen Tanz verwandeln kann.<\/li>\n\n\n\n<li><strong>Individuelle Betreuung<\/strong>: Yeney stellt sicher, dass jedes Detail der Choreografie perfekt ist und sich beide Partner wohl und sicher f\u00fchlen. Sie arbeitet eng mit den Paaren zusammen, um ihre Essenz einzufangen und einen einzigartigen Moment zu schaffen.<\/li>\n\n\n\n<li><strong>Vielseitiger Stil<\/strong>: Mit ihrem umfassenden Wissen \u00fcber verschiedene Tanzstile kann Yeney von einem eleganten Walzer oder einem romantischen Son Cubano bis hin zu einer modernen Choreografie, die mehrere Rhythmen vereint, alles kreieren.<\/li>\n\n\n\n<li><strong>Unterricht auf Spanisch und Deutsch<\/strong>: Als zweisprachige Lehrerin bietet Yeney ihren Unterricht auf Spanisch und Deutsch an, sodass du dich in der Sprache, die dir am angenehmsten ist, wohlf\u00fchlen kannst. So ist eine klare und reibungslose Kommunikation w\u00e4hrend des gesamten Prozesses gew\u00e4hrleistet.<\/li>\n\n\n\n<li><strong>Entspanntes und motivierendes Umfeld<\/strong>: Yeney schafft eine entspannte und unterhaltsame Lernatmosph\u00e4re, in der du dich motiviert f\u00fchlst, zu lernen und den Prozess zu genie\u00dfen, ohne Druck zu versp\u00fcren.<\/li>\n<\/ul>\n\n\n\n<h3 class=\"wp-block-heading\"><strong>Wie funktioniert es?<\/strong><\/h3>\n\n\n\n<ol class=\"wp-block-list\">\n<li><strong>Erstgespr\u00e4ch<\/strong>: Beim ersten Treffen lernt Yeney eure Ideen und Erwartungen f\u00fcr den Tanz kennen und schl\u00e4gt euch passende Musik- und Stiloptionen vor.<\/li>\n\n\n\n<li><strong>Entwurf der Choreografie<\/strong>: Yeney entwirft eine ma\u00dfgeschneiderte Choreografie, die eure Vorlieben, den Stil der Hochzeit, den verf\u00fcgbaren Platz und euer Erfahrungsniveau ber\u00fccksichtigt.<\/li>\n\n\n\n<li><strong>Proben und Feinschliff<\/strong>: W\u00e4hrend der Proben lernst und \u00fcbst du jeden Schritt, bis du dich vollkommen wohl und sicher f\u00fchlst. Yeney sorgt daf\u00fcr, dass jedes Detail perfekt ist und du den Prozess genauso genie\u00dft wie eure G\u00e4ste sp\u00e4ter den Tanz.<\/li>\n\n\n\n<li><strong>Letzte Anpassungen<\/strong>: Kurz vor dem gro\u00dfen Tag gibt es die M\u00f6glichkeit, die Choreografie noch einmal zu wiederholen und letzte Feinheiten zu optimieren, damit alles genau so l\u00e4uft, wie du es dir ertr\u00e4umt hast.<\/li>\n<\/ol>\n\n\n\n<h3 class=\"wp-block-heading\"><strong>Mach deinen Er\u00f6ffnungstanz zu einem unvergesslichen Moment<\/strong><\/h3>\n\n\n\n<p>Der Er\u00f6ffnungstanz ist eine Gelegenheit, einen intimen und emotionalen Moment mit deinem Partner zu teilen, umgeben von deinen Liebsten. Mit Yeney wird dieser Moment noch besonderer \u2013 voller Eleganz, Emotion und Authentizit\u00e4t. Egal, ob du einen klassischen, modernen oder eine Mischung aus beidem suchst, Yeney wird daf\u00fcr sorgen, dass deine Choreografie die Liebesgeschichte widerspiegelt, die euch verbindet.<\/p>\n\n\n\n<hr class=\"wp-block-separator has-alpha-channel-opacity\"\/>\n\n\n\n<p><strong>Warte nicht l\u00e4nger! Kontaktiere Yeney Clavel Barreto noch heute und beginne mit der Planung des Hochzeitstanzes deiner Tr\u00e4ume.<\/strong><br><\/p>","protected":false},"excerpt":{"rendered":"<p>El primer baile como pareja es uno de los momentos m\u00e1s esperados y emotivos de cualquier boda. Si sue\u00f1as con un baile que refleje tu amor y personalidad, Yeney Clavel Barreto est\u00e1 aqu\u00ed para ayudarte a crear una coreograf\u00eda \u00fanica y especial, dise\u00f1ada a la medida de tu historia. Con m\u00e1s de 15 a\u00f1os de [&hellip;]<\/p>\n","protected":false},"author":1,"featured_media":142,"parent":138,"menu_order":0,"comment_status":"closed","ping_status":"closed","template":"","meta":{"_coblocks_attr":"","_coblocks_dimensions":"","_coblocks_responsive_height":"","_coblocks_accordion_ie_support":"","footnotes":""},"class_list":["post-141","page","type-page","status-publish","has-post-thumbnail","hentry"],"translation":{"provider":"WPGlobus","version":"3.0.2","language":"de","enabled_languages":["es","de"],"languages":{"es":{"title":true,"content":true,"excerpt":false},"de":{"title":false,"content":false,"excerpt":false}}},"yoast_head":"<!-- This site is optimized with the Yoast SEO plugin v27.4 - https:\/\/yoast.com\/product\/yoast-seo-wordpress\/ -->\n<title>Coreograf\u00edas de Boda - Tanz mit Yeney<\/title>\n<meta name=\"robots\" content=\"index, follow, max-snippet:-1, max-image-preview:large, max-video-preview:-1\" \/>\n<link rel=\"canonical\" href=\"https:\/\/bailaconyeney.com\/de\/coreografia-y-animacion\/coreografia-de-boda\/\" \/>\n<meta property=\"og:locale\" content=\"de_DE\" \/>\n<meta property=\"og:type\" content=\"article\" \/>\n<meta property=\"og:title\" content=\"Coreograf\u00edas de Boda - Tanz mit Yeney\" \/>\n<meta property=\"og:url\" content=\"https:\/\/bailaconyeney.com\/de\/coreografia-y-animacion\/coreografia-de-boda\/\" \/>\n<meta property=\"og:site_name\" content=\"Tanz mit Yeney\" \/>\n<meta property=\"article:modified_time\" content=\"2024-09-24T12:20:32+00:00\" \/>\n<meta property=\"og:image\" content=\"http:\/\/bailaconyeney.com\/wp-content\/uploads\/2024\/09\/boda2.webp\" \/>\n\t<meta property=\"og:image:width\" content=\"1792\" \/>\n\t<meta property=\"og:image:height\" content=\"1024\" \/>\n\t<meta property=\"og:image:type\" content=\"image\/webp\" \/>\n<meta name=\"twitter:card\" content=\"summary_large_image\" \/>\n<meta name=\"twitter:label1\" content=\"Gesch\u00e4tzte Lesezeit\" \/>\n\t<meta name=\"twitter:data1\" content=\"3\u00a0Minuten\" \/>\n<script type=\"application\/ld+json\" class=\"yoast-schema-graph\">{\"@context\":\"https:\\\/\\\/schema.org\",\"@graph\":[{\"@type\":\"WebPage\",\"@id\":\"https:\\\/\\\/bailaconyeney.com\\\/coreografia-y-animacion\\\/coreografia-de-boda\\\/\",\"url\":\"https:\\\/\\\/bailaconyeney.com\\\/coreografia-y-animacion\\\/coreografia-de-boda\\\/\",\"name\":\"Coreograf\u00edas de Boda - Tanz mit Yeney\",\"isPartOf\":{\"@id\":\"https:\\\/\\\/bailaconyeney.com\\\/#website\"},\"primaryImageOfPage\":{\"@id\":\"https:\\\/\\\/bailaconyeney.com\\\/coreografia-y-animacion\\\/coreografia-de-boda\\\/#primaryimage\"},\"image\":{\"@id\":\"https:\\\/\\\/bailaconyeney.com\\\/coreografia-y-animacion\\\/coreografia-de-boda\\\/#primaryimage\"},\"thumbnailUrl\":\"https:\\\/\\\/bailaconyeney.com\\\/wp-content\\\/uploads\\\/2024\\\/09\\\/boda2.webp\",\"datePublished\":\"2024-09-12T10:50:34+00:00\",\"dateModified\":\"2024-09-24T12:20:32+00:00\",\"breadcrumb\":{\"@id\":\"https:\\\/\\\/bailaconyeney.com\\\/coreografia-y-animacion\\\/coreografia-de-boda\\\/#breadcrumb\"},\"inLanguage\":\"de\",\"potentialAction\":[{\"@type\":\"ReadAction\",\"target\":[\"https:\\\/\\\/bailaconyeney.com\\\/coreografia-y-animacion\\\/coreografia-de-boda\\\/\"]}]},{\"@type\":\"ImageObject\",\"inLanguage\":\"de\",\"@id\":\"https:\\\/\\\/bailaconyeney.com\\\/coreografia-y-animacion\\\/coreografia-de-boda\\\/#primaryimage\",\"url\":\"https:\\\/\\\/bailaconyeney.com\\\/wp-content\\\/uploads\\\/2024\\\/09\\\/boda2.webp\",\"contentUrl\":\"https:\\\/\\\/bailaconyeney.com\\\/wp-content\\\/uploads\\\/2024\\\/09\\\/boda2.webp\",\"width\":1792,\"height\":1024,\"caption\":\"Bodas\"},{\"@type\":\"BreadcrumbList\",\"@id\":\"https:\\\/\\\/bailaconyeney.com\\\/coreografia-y-animacion\\\/coreografia-de-boda\\\/#breadcrumb\",\"itemListElement\":[{\"@type\":\"ListItem\",\"position\":1,\"name\":\"Home\",\"item\":\"https:\\\/\\\/bailaconyeney.com\\\/\"},{\"@type\":\"ListItem\",\"position\":2,\"name\":\"Coreograf\u00edas y animaci\u00f3n\",\"item\":\"https:\\\/\\\/bailaconyeney.com\\\/coreografia-y-animacion\\\/\"},{\"@type\":\"ListItem\",\"position\":3,\"name\":\"Coreograf\u00edas de Boda\"}]},{\"@type\":\"WebSite\",\"@id\":\"https:\\\/\\\/bailaconyeney.com\\\/#website\",\"url\":\"https:\\\/\\\/bailaconyeney.com\\\/\",\"name\":\"Baila con Yeney - Deine tanzleherein in Essen\",\"description\":\"Deine Tanzlehrerin \",\"publisher\":{\"@id\":\"https:\\\/\\\/bailaconyeney.com\\\/#\\\/schema\\\/person\\\/04ea164ca6644dc3623182357916c0d0\"},\"potentialAction\":[{\"@type\":\"SearchAction\",\"target\":{\"@type\":\"EntryPoint\",\"urlTemplate\":\"https:\\\/\\\/bailaconyeney.com\\\/?s={search_term_string}\"},\"query-input\":{\"@type\":\"PropertyValueSpecification\",\"valueRequired\":true,\"valueName\":\"search_term_string\"}}],\"inLanguage\":\"de\"},{\"@type\":[\"Person\",\"Organization\"],\"@id\":\"https:\\\/\\\/bailaconyeney.com\\\/#\\\/schema\\\/person\\\/04ea164ca6644dc3623182357916c0d0\",\"name\":\"Yeney Clavel Barreto\",\"image\":{\"@type\":\"ImageObject\",\"inLanguage\":\"de\",\"@id\":\"https:\\\/\\\/bailaconyeney.com\\\/wp-content\\\/uploads\\\/2024\\\/10\\\/DSC_5277-scaled.jpg\",\"url\":\"https:\\\/\\\/bailaconyeney.com\\\/wp-content\\\/uploads\\\/2024\\\/10\\\/DSC_5277-scaled.jpg\",\"contentUrl\":\"https:\\\/\\\/bailaconyeney.com\\\/wp-content\\\/uploads\\\/2024\\\/10\\\/DSC_5277-scaled.jpg\",\"width\":2560,\"height\":1709,\"caption\":\"Yeney Clavel Barreto\"},\"logo\":{\"@id\":\"https:\\\/\\\/bailaconyeney.com\\\/wp-content\\\/uploads\\\/2024\\\/10\\\/DSC_5277-scaled.jpg\"},\"sameAs\":[\"https:\\\/\\\/www.instagram.com\\\/yeney_clavel_barreto\\\/\"]}]}<\/script>\n<!-- \/ Yoast SEO plugin. -->","yoast_head_json":{"title":"Coreograf\u00edas de Boda - Tanz mit Yeney","robots":{"index":"index","follow":"follow","max-snippet":"max-snippet:-1","max-image-preview":"max-image-preview:large","max-video-preview":"max-video-preview:-1"},"canonical":"https:\/\/bailaconyeney.com\/de\/coreografia-y-animacion\/coreografia-de-boda\/","og_locale":"de_DE","og_type":"article","og_title":"Coreograf\u00edas de Boda - Tanz mit Yeney","og_url":"https:\/\/bailaconyeney.com\/de\/coreografia-y-animacion\/coreografia-de-boda\/","og_site_name":"Tanz mit Yeney","article_modified_time":"2024-09-24T12:20:32+00:00","og_image":[{"width":1792,"height":1024,"url":"http:\/\/bailaconyeney.com\/wp-content\/uploads\/2024\/09\/boda2.webp","type":"image\/webp"}],"twitter_card":"summary_large_image","twitter_misc":{"Gesch\u00e4tzte Lesezeit":"3\u00a0Minuten"},"schema":{"@context":"https:\/\/schema.org","@graph":[{"@type":"WebPage","@id":"https:\/\/bailaconyeney.com\/coreografia-y-animacion\/coreografia-de-boda\/","url":"https:\/\/bailaconyeney.com\/coreografia-y-animacion\/coreografia-de-boda\/","name":"Coreograf\u00edas de Boda - Tanz mit Yeney","isPartOf":{"@id":"https:\/\/bailaconyeney.com\/#website"},"primaryImageOfPage":{"@id":"https:\/\/bailaconyeney.com\/coreografia-y-animacion\/coreografia-de-boda\/#primaryimage"},"image":{"@id":"https:\/\/bailaconyeney.com\/coreografia-y-animacion\/coreografia-de-boda\/#primaryimage"},"thumbnailUrl":"https:\/\/bailaconyeney.com\/wp-content\/uploads\/2024\/09\/boda2.webp","datePublished":"2024-09-12T10:50:34+00:00","dateModified":"2024-09-24T12:20:32+00:00","breadcrumb":{"@id":"https:\/\/bailaconyeney.com\/coreografia-y-animacion\/coreografia-de-boda\/#breadcrumb"},"inLanguage":"de","potentialAction":[{"@type":"ReadAction","target":["https:\/\/bailaconyeney.com\/coreografia-y-animacion\/coreografia-de-boda\/"]}]},{"@type":"ImageObject","inLanguage":"de","@id":"https:\/\/bailaconyeney.com\/coreografia-y-animacion\/coreografia-de-boda\/#primaryimage","url":"https:\/\/bailaconyeney.com\/wp-content\/uploads\/2024\/09\/boda2.webp","contentUrl":"https:\/\/bailaconyeney.com\/wp-content\/uploads\/2024\/09\/boda2.webp","width":1792,"height":1024,"caption":"Bodas"},{"@type":"BreadcrumbList","@id":"https:\/\/bailaconyeney.com\/coreografia-y-animacion\/coreografia-de-boda\/#breadcrumb","itemListElement":[{"@type":"ListItem","position":1,"name":"Home","item":"https:\/\/bailaconyeney.com\/"},{"@type":"ListItem","position":2,"name":"Coreograf\u00edas y animaci\u00f3n","item":"https:\/\/bailaconyeney.com\/coreografia-y-animacion\/"},{"@type":"ListItem","position":3,"name":"Coreograf\u00edas de Boda"}]},{"@type":"WebSite","@id":"https:\/\/bailaconyeney.com\/#website","url":"https:\/\/bailaconyeney.com\/","name":"Baila con Yeney - Deine tanzleherein in Essen","description":"Deine Tanzlehrerin","publisher":{"@id":"https:\/\/bailaconyeney.com\/#\/schema\/person\/04ea164ca6644dc3623182357916c0d0"},"potentialAction":[{"@type":"SearchAction","target":{"@type":"EntryPoint","urlTemplate":"https:\/\/bailaconyeney.com\/?s={search_term_string}"},"query-input":{"@type":"PropertyValueSpecification","valueRequired":true,"valueName":"search_term_string"}}],"inLanguage":"de"},{"@type":["Person","Organization"],"@id":"https:\/\/bailaconyeney.com\/#\/schema\/person\/04ea164ca6644dc3623182357916c0d0","name":"Yeney Clavel Barreto","image":{"@type":"ImageObject","inLanguage":"de","@id":"https:\/\/bailaconyeney.com\/wp-content\/uploads\/2024\/10\/DSC_5277-scaled.jpg","url":"https:\/\/bailaconyeney.com\/wp-content\/uploads\/2024\/10\/DSC_5277-scaled.jpg","contentUrl":"https:\/\/bailaconyeney.com\/wp-content\/uploads\/2024\/10\/DSC_5277-scaled.jpg","width":2560,"height":1709,"caption":"Yeney Clavel Barreto"},"logo":{"@id":"https:\/\/bailaconyeney.com\/wp-content\/uploads\/2024\/10\/DSC_5277-scaled.jpg"},"sameAs":["https:\/\/www.instagram.com\/yeney_clavel_barreto\/"]}]}},"_links":{"self":[{"href":"https:\/\/bailaconyeney.com\/de\/wp-json\/wp\/v2\/pages\/141","targetHints":{"allow":["GET"]}}],"collection":[{"href":"https:\/\/bailaconyeney.com\/de\/wp-json\/wp\/v2\/pages"}],"about":[{"href":"https:\/\/bailaconyeney.com\/de\/wp-json\/wp\/v2\/types\/page"}],"author":[{"embeddable":true,"href":"https:\/\/bailaconyeney.com\/de\/wp-json\/wp\/v2\/users\/1"}],"replies":[{"embeddable":true,"href":"https:\/\/bailaconyeney.com\/de\/wp-json\/wp\/v2\/comments?post=141"}],"version-history":[{"count":2,"href":"https:\/\/bailaconyeney.com\/de\/wp-json\/wp\/v2\/pages\/141\/revisions"}],"predecessor-version":[{"id":211,"href":"https:\/\/bailaconyeney.com\/de\/wp-json\/wp\/v2\/pages\/141\/revisions\/211"}],"up":[{"embeddable":true,"href":"https:\/\/bailaconyeney.com\/de\/wp-json\/wp\/v2\/pages\/138"}],"wp:featuredmedia":[{"embeddable":true,"href":"https:\/\/bailaconyeney.com\/de\/wp-json\/wp\/v2\/media\/142"}],"wp:attachment":[{"href":"https:\/\/bailaconyeney.com\/de\/wp-json\/wp\/v2\/media?parent=141"}],"curies":[{"name":"wp","href":"https:\/\/api.w.org\/{rel}","templated":true}]}}