{"id":131,"date":"2024-09-12T10:26:26","date_gmt":"2024-09-12T10:26:26","guid":{"rendered":"https:\/\/bailaconyeney.com\/?page_id=131"},"modified":"2025-11-04T14:43:08","modified_gmt":"2025-11-04T14:43:08","slug":"clases-de-baile","status":"publish","type":"page","link":"https:\/\/bailaconyeney.com\/de\/clases-de-baile\/","title":{"rendered":"Tanzunterricht"},"content":{"rendered":"<h3 class=\"wp-block-heading\"><strong>Entdecke die Welt des Tanzes mit Yeney Clavel Barreto<\/strong><\/h3>\n\n\n\n<p>M\u00f6chtest du tanzen lernen oder deine F\u00e4higkeiten verbessern? <strong>Yeney Clavel Barreto<\/strong> hast du die M\u00f6glichkeit, in die faszinierende Welt des Tanzes einzutauchen, wo jede Stunde darauf ausgelegt ist, dass du den Lernprozess genie\u00dft und gleichzeitig deine Technik und dein Selbstvertrauen auf der Tanzfl\u00e4che verbesserst. Yeney bietet eine Vielzahl von Tanzdiensten an, die auf deine Bed\u00fcrfnisse abgestimmt sind, egal ob du Anf\u00e4nger oder Fortgeschrittener bist.<\/p>\n\n\n\n<p>Erkunde die verschiedenen Optionen und finde die perfekte Stunde f\u00fcr dich:<\/p>\n\n\n\n<hr class=\"wp-block-separator has-alpha-channel-opacity\"\/>\n\n\n\n<h4 class=\"wp-block-heading\"><strong>Gruppenunterricht<\/strong><\/h4>\n\n\n\n<p>Der <strong>Gruppenunterricht<\/strong> ist eine gro\u00dfartige M\u00f6glichkeit, in einer sozialen und unterhaltsamen Umgebung zu lernen. Das gemeinsame Lernen mit anderen T\u00e4nzern motiviert und hilft dir, F\u00e4higkeiten wie Koordination und Teamarbeit zu entwickeln. Yeney passt jede Stunde an das Niveau der Gruppe an, damit alle das Tempo halten k\u00f6nnen und der Spa\u00df nicht zu kurz kommt.<\/p>\n\n\n\n<ul class=\"wp-block-list\">\n<li>Lerne Rhythmen wie Salsa, Bachata, Rumba und mehr.<\/li>\n\n\n\n<li>Regelm\u00e4\u00dfige Stunden in einer entspannten und dynamischen Atmosph\u00e4re.<\/li>\n\n\n\n<li>Vernetze dich mit anderen Tanzbegeisterten und verbessere gemeinsam deine Technik.<\/li>\n<\/ul>\n\n\n\n<p><strong><a href=\"http:\/\/bailaconyeney.com\/de\/clases-de-baile\/clases-en-grupo\/\">Mehr Informationen \u00fcber den Gruppenunterricht \u27a4<\/a><\/strong><\/p>\n\n\n\n<hr class=\"wp-block-separator has-alpha-channel-opacity\"\/>\n\n\n\n<h4 class=\"wp-block-heading\"><strong>Privatunterricht<\/strong><\/h4>\n\n\n\n<p>Wenn du eine individuelle Betreuung bevorzugst, bei der voll und ganz auf deine Bed\u00fcrfnisse eingegangen wird, ist der <strong>Privatunterricht<\/strong> son la mejor opci\u00f3n. Con la ense\u00f1anza individualizada de Yeney en Essen, Duisburg y alrededores, podr\u00e1s avanzar a tu propio ritmo, perfeccionar tu t\u00e9cnica y enfocarte en los aspectos del baile que m\u00e1s te interesan. Estas clases est\u00e1n dise\u00f1adas espec\u00edficamente para que logres tus objetivos, ya sea prepararte para un evento especial o mejorar tu confianza en la pista.<\/p>\n\n\n\n<ul class=\"wp-block-list\">\n<li>100% individuelle Betreuung.<\/li>\n\n\n\n<li>Anpassung an dein Niveau und deinen Lieblingstanzstil.<\/li>\n\n\n\n<li>Vorankommen in deinem eigenen Tempo, mit flexiblen Zeitpl\u00e4nen.<\/li>\n<\/ul>\n\n\n\n<p><strong><a href=\"http:\/\/bailaconyeney.com\/de\/clases-de-baile\/clases-particulares\/\">Mehr Informationen \u00fcber den Privatunterricht \u27a4<\/a><\/strong><\/p>\n\n\n\n<hr class=\"wp-block-separator has-alpha-channel-opacity\"\/>\n\n\n\n<h4 class=\"wp-block-heading\"><strong>Spezialisierte Workshops<\/strong><\/h4>\n\n\n\n<p>Interessierst du dich f\u00fcr spezielle Aspekte des Tanzes? Die <strong>spezialisierten Workshops<\/strong> de Yeney est\u00e1n dise\u00f1ados para profundizar en detalles espec\u00edficos, como la t\u00e9cnica femenina, la musicalidad, el estilo individual, o aspectos avanzados de la salsa, rumba o bachata. En el area de Essen, Duisburg y alrededores, estos talleres son ideales para bailarines que quieren ir m\u00e1s all\u00e1 de las clases regulares y perfeccionar su t\u00e9cnica en \u00e1reas espec\u00edficas.<\/p>\n\n\n\n<ul class=\"wp-block-list\">\n<li>Intensive Workshops mit Fokus auf bestimmte Stile und Techniken.<\/li>\n\n\n\n<li>Offen f\u00fcr alle Niveaus, mit detailliertem Fokus.<\/li>\n\n\n\n<li>Ideal f\u00fcr T\u00e4nzer, die spezifische Tanztechniken verbessern m\u00f6chten.<\/li>\n<\/ul>\n\n\n\n<p><strong>Mehr Informationen \u00fcber die Workshops \u27a4<\/strong><\/p>\n\n\n\n<hr class=\"wp-block-separator has-alpha-channel-opacity\"\/>\n\n\n\n<h3 class=\"wp-block-heading\"><strong>Finde die perfekte Tanzstunde f\u00fcr dich<\/strong><\/h3>\n\n\n\n<p>Ob du die soziale Atmosph\u00e4re des Gruppenunterrichts, die pers\u00f6nliche Betreuung im Privatunterricht oder das intensive Lernen in den spezialisierten Workshops bevorzugst \u2013 <strong>Yeney Clavel Barreto<\/strong> tiene la opci\u00f3n perfecta para ti. Explora nuestras clases y descubre c\u00f3mo puedes mejorar tu t\u00e9cnica y disfrutar del baile al m\u00e1ximo. Yeney da clases en Essen, Duisburg y alrededores.<\/p>\n\n\n\n<hr class=\"wp-block-separator has-alpha-channel-opacity\"\/>\n\n\n\n<p><strong>Beginne deine Reise in die Welt des Tanzes noch heute! Kontaktiere Yeney f\u00fcr weitere Informationen.<\/strong><\/p>","protected":false},"excerpt":{"rendered":"<p>Descubre el Mundo del Baile con Yeney Clavel Barreto \u00bfQuieres aprender a bailar o perfeccionar tus habilidades? Con Yeney Clavel Barreto tienes la oportunidad de sumergirte en el emocionante mundo del baile, donde cada clase est\u00e1 dise\u00f1ada para que disfrutes del proceso de aprendizaje mientras mejoras tu t\u00e9cnica y confianza en la pista. Yeney ofrece [&hellip;]<\/p>\n","protected":false},"author":1,"featured_media":132,"parent":0,"menu_order":0,"comment_status":"closed","ping_status":"closed","template":"","meta":{"_coblocks_attr":"","_coblocks_dimensions":"","_coblocks_responsive_height":"","_coblocks_accordion_ie_support":"","footnotes":""},"class_list":["post-131","page","type-page","status-publish","has-post-thumbnail","hentry"],"translation":{"provider":"WPGlobus","version":"3.0.2","language":"de","enabled_languages":["es","de"],"languages":{"es":{"title":true,"content":true,"excerpt":false},"de":{"title":false,"content":false,"excerpt":false}}},"yoast_head":"<!-- This site is optimized with the Yoast SEO plugin v27.4 - https:\/\/yoast.com\/product\/yoast-seo-wordpress\/ -->\n<title>Clases de baile - Tanz mit Yeney<\/title>\n<meta name=\"robots\" content=\"index, follow, max-snippet:-1, max-image-preview:large, max-video-preview:-1\" \/>\n<link rel=\"canonical\" href=\"https:\/\/bailaconyeney.com\/de\/clases-de-baile\/\" \/>\n<meta property=\"og:locale\" content=\"de_DE\" \/>\n<meta property=\"og:type\" content=\"article\" \/>\n<meta property=\"og:title\" content=\"Clases de baile - Tanz mit Yeney\" \/>\n<meta property=\"og:url\" content=\"https:\/\/bailaconyeney.com\/de\/clases-de-baile\/\" \/>\n<meta property=\"og:site_name\" content=\"Tanz mit Yeney\" \/>\n<meta property=\"article:modified_time\" content=\"2025-11-04T14:43:08+00:00\" \/>\n<meta property=\"og:image\" content=\"http:\/\/bailaconyeney.com\/wp-content\/uploads\/2024\/09\/generico-baile.webp\" \/>\n\t<meta property=\"og:image:width\" content=\"1792\" \/>\n\t<meta property=\"og:image:height\" content=\"1024\" \/>\n\t<meta property=\"og:image:type\" content=\"image\/webp\" \/>\n<meta name=\"twitter:card\" content=\"summary_large_image\" \/>\n<meta name=\"twitter:label1\" content=\"Gesch\u00e4tzte Lesezeit\" \/>\n\t<meta name=\"twitter:data1\" content=\"3\u00a0Minuten\" \/>\n<script type=\"application\/ld+json\" class=\"yoast-schema-graph\">{\"@context\":\"https:\\\/\\\/schema.org\",\"@graph\":[{\"@type\":\"WebPage\",\"@id\":\"https:\\\/\\\/bailaconyeney.com\\\/clases-de-baile\\\/\",\"url\":\"https:\\\/\\\/bailaconyeney.com\\\/clases-de-baile\\\/\",\"name\":\"Clases de baile - Tanz mit Yeney\",\"isPartOf\":{\"@id\":\"https:\\\/\\\/bailaconyeney.com\\\/#website\"},\"primaryImageOfPage\":{\"@id\":\"https:\\\/\\\/bailaconyeney.com\\\/clases-de-baile\\\/#primaryimage\"},\"image\":{\"@id\":\"https:\\\/\\\/bailaconyeney.com\\\/clases-de-baile\\\/#primaryimage\"},\"thumbnailUrl\":\"https:\\\/\\\/bailaconyeney.com\\\/wp-content\\\/uploads\\\/2024\\\/09\\\/generico-baile.webp\",\"datePublished\":\"2024-09-12T10:26:26+00:00\",\"dateModified\":\"2025-11-04T14:43:08+00:00\",\"breadcrumb\":{\"@id\":\"https:\\\/\\\/bailaconyeney.com\\\/clases-de-baile\\\/#breadcrumb\"},\"inLanguage\":\"de\",\"potentialAction\":[{\"@type\":\"ReadAction\",\"target\":[\"https:\\\/\\\/bailaconyeney.com\\\/clases-de-baile\\\/\"]}]},{\"@type\":\"ImageObject\",\"inLanguage\":\"de\",\"@id\":\"https:\\\/\\\/bailaconyeney.com\\\/clases-de-baile\\\/#primaryimage\",\"url\":\"https:\\\/\\\/bailaconyeney.com\\\/wp-content\\\/uploads\\\/2024\\\/09\\\/generico-baile.webp\",\"contentUrl\":\"https:\\\/\\\/bailaconyeney.com\\\/wp-content\\\/uploads\\\/2024\\\/09\\\/generico-baile.webp\",\"width\":1792,\"height\":1024},{\"@type\":\"BreadcrumbList\",\"@id\":\"https:\\\/\\\/bailaconyeney.com\\\/clases-de-baile\\\/#breadcrumb\",\"itemListElement\":[{\"@type\":\"ListItem\",\"position\":1,\"name\":\"Home\",\"item\":\"https:\\\/\\\/bailaconyeney.com\\\/\"},{\"@type\":\"ListItem\",\"position\":2,\"name\":\"Clases de baile\"}]},{\"@type\":\"WebSite\",\"@id\":\"https:\\\/\\\/bailaconyeney.com\\\/#website\",\"url\":\"https:\\\/\\\/bailaconyeney.com\\\/\",\"name\":\"Baila con Yeney - Deine tanzleherein in Essen\",\"description\":\"Deine Tanzlehrerin \",\"publisher\":{\"@id\":\"https:\\\/\\\/bailaconyeney.com\\\/#\\\/schema\\\/person\\\/04ea164ca6644dc3623182357916c0d0\"},\"potentialAction\":[{\"@type\":\"SearchAction\",\"target\":{\"@type\":\"EntryPoint\",\"urlTemplate\":\"https:\\\/\\\/bailaconyeney.com\\\/?s={search_term_string}\"},\"query-input\":{\"@type\":\"PropertyValueSpecification\",\"valueRequired\":true,\"valueName\":\"search_term_string\"}}],\"inLanguage\":\"de\"},{\"@type\":[\"Person\",\"Organization\"],\"@id\":\"https:\\\/\\\/bailaconyeney.com\\\/#\\\/schema\\\/person\\\/04ea164ca6644dc3623182357916c0d0\",\"name\":\"Yeney Clavel Barreto\",\"image\":{\"@type\":\"ImageObject\",\"inLanguage\":\"de\",\"@id\":\"https:\\\/\\\/bailaconyeney.com\\\/wp-content\\\/uploads\\\/2024\\\/10\\\/DSC_5277-scaled.jpg\",\"url\":\"https:\\\/\\\/bailaconyeney.com\\\/wp-content\\\/uploads\\\/2024\\\/10\\\/DSC_5277-scaled.jpg\",\"contentUrl\":\"https:\\\/\\\/bailaconyeney.com\\\/wp-content\\\/uploads\\\/2024\\\/10\\\/DSC_5277-scaled.jpg\",\"width\":2560,\"height\":1709,\"caption\":\"Yeney Clavel Barreto\"},\"logo\":{\"@id\":\"https:\\\/\\\/bailaconyeney.com\\\/wp-content\\\/uploads\\\/2024\\\/10\\\/DSC_5277-scaled.jpg\"},\"sameAs\":[\"https:\\\/\\\/www.instagram.com\\\/yeney_clavel_barreto\\\/\"]}]}<\/script>\n<!-- \/ Yoast SEO plugin. -->","yoast_head_json":{"title":"Clases de baile - Tanz mit Yeney","robots":{"index":"index","follow":"follow","max-snippet":"max-snippet:-1","max-image-preview":"max-image-preview:large","max-video-preview":"max-video-preview:-1"},"canonical":"https:\/\/bailaconyeney.com\/de\/clases-de-baile\/","og_locale":"de_DE","og_type":"article","og_title":"Clases de baile - Tanz mit Yeney","og_url":"https:\/\/bailaconyeney.com\/de\/clases-de-baile\/","og_site_name":"Tanz mit Yeney","article_modified_time":"2025-11-04T14:43:08+00:00","og_image":[{"width":1792,"height":1024,"url":"http:\/\/bailaconyeney.com\/wp-content\/uploads\/2024\/09\/generico-baile.webp","type":"image\/webp"}],"twitter_card":"summary_large_image","twitter_misc":{"Gesch\u00e4tzte Lesezeit":"3\u00a0Minuten"},"schema":{"@context":"https:\/\/schema.org","@graph":[{"@type":"WebPage","@id":"https:\/\/bailaconyeney.com\/clases-de-baile\/","url":"https:\/\/bailaconyeney.com\/clases-de-baile\/","name":"Clases de baile - Tanz mit Yeney","isPartOf":{"@id":"https:\/\/bailaconyeney.com\/#website"},"primaryImageOfPage":{"@id":"https:\/\/bailaconyeney.com\/clases-de-baile\/#primaryimage"},"image":{"@id":"https:\/\/bailaconyeney.com\/clases-de-baile\/#primaryimage"},"thumbnailUrl":"https:\/\/bailaconyeney.com\/wp-content\/uploads\/2024\/09\/generico-baile.webp","datePublished":"2024-09-12T10:26:26+00:00","dateModified":"2025-11-04T14:43:08+00:00","breadcrumb":{"@id":"https:\/\/bailaconyeney.com\/clases-de-baile\/#breadcrumb"},"inLanguage":"de","potentialAction":[{"@type":"ReadAction","target":["https:\/\/bailaconyeney.com\/clases-de-baile\/"]}]},{"@type":"ImageObject","inLanguage":"de","@id":"https:\/\/bailaconyeney.com\/clases-de-baile\/#primaryimage","url":"https:\/\/bailaconyeney.com\/wp-content\/uploads\/2024\/09\/generico-baile.webp","contentUrl":"https:\/\/bailaconyeney.com\/wp-content\/uploads\/2024\/09\/generico-baile.webp","width":1792,"height":1024},{"@type":"BreadcrumbList","@id":"https:\/\/bailaconyeney.com\/clases-de-baile\/#breadcrumb","itemListElement":[{"@type":"ListItem","position":1,"name":"Home","item":"https:\/\/bailaconyeney.com\/"},{"@type":"ListItem","position":2,"name":"Clases de baile"}]},{"@type":"WebSite","@id":"https:\/\/bailaconyeney.com\/#website","url":"https:\/\/bailaconyeney.com\/","name":"Baila con Yeney - Deine tanzleherein in Essen","description":"Deine Tanzlehrerin","publisher":{"@id":"https:\/\/bailaconyeney.com\/#\/schema\/person\/04ea164ca6644dc3623182357916c0d0"},"potentialAction":[{"@type":"SearchAction","target":{"@type":"EntryPoint","urlTemplate":"https:\/\/bailaconyeney.com\/?s={search_term_string}"},"query-input":{"@type":"PropertyValueSpecification","valueRequired":true,"valueName":"search_term_string"}}],"inLanguage":"de"},{"@type":["Person","Organization"],"@id":"https:\/\/bailaconyeney.com\/#\/schema\/person\/04ea164ca6644dc3623182357916c0d0","name":"Yeney Clavel Barreto","image":{"@type":"ImageObject","inLanguage":"de","@id":"https:\/\/bailaconyeney.com\/wp-content\/uploads\/2024\/10\/DSC_5277-scaled.jpg","url":"https:\/\/bailaconyeney.com\/wp-content\/uploads\/2024\/10\/DSC_5277-scaled.jpg","contentUrl":"https:\/\/bailaconyeney.com\/wp-content\/uploads\/2024\/10\/DSC_5277-scaled.jpg","width":2560,"height":1709,"caption":"Yeney Clavel Barreto"},"logo":{"@id":"https:\/\/bailaconyeney.com\/wp-content\/uploads\/2024\/10\/DSC_5277-scaled.jpg"},"sameAs":["https:\/\/www.instagram.com\/yeney_clavel_barreto\/"]}]}},"_links":{"self":[{"href":"https:\/\/bailaconyeney.com\/de\/wp-json\/wp\/v2\/pages\/131","targetHints":{"allow":["GET"]}}],"collection":[{"href":"https:\/\/bailaconyeney.com\/de\/wp-json\/wp\/v2\/pages"}],"about":[{"href":"https:\/\/bailaconyeney.com\/de\/wp-json\/wp\/v2\/types\/page"}],"author":[{"embeddable":true,"href":"https:\/\/bailaconyeney.com\/de\/wp-json\/wp\/v2\/users\/1"}],"replies":[{"embeddable":true,"href":"https:\/\/bailaconyeney.com\/de\/wp-json\/wp\/v2\/comments?post=131"}],"version-history":[{"count":6,"href":"https:\/\/bailaconyeney.com\/de\/wp-json\/wp\/v2\/pages\/131\/revisions"}],"predecessor-version":[{"id":271,"href":"https:\/\/bailaconyeney.com\/de\/wp-json\/wp\/v2\/pages\/131\/revisions\/271"}],"wp:featuredmedia":[{"embeddable":true,"href":"https:\/\/bailaconyeney.com\/de\/wp-json\/wp\/v2\/media\/132"}],"wp:attachment":[{"href":"https:\/\/bailaconyeney.com\/de\/wp-json\/wp\/v2\/media?parent=131"}],"curies":[{"name":"wp","href":"https:\/\/api.w.org\/{rel}","templated":true}]}}